{"id":6522,"date":"2023-10-23T07:51:57","date_gmt":"2023-10-23T07:51:57","guid":{"rendered":"https:\/\/memsolar.com\/?page_id=6522"},"modified":"2023-10-23T07:51:57","modified_gmt":"2023-10-23T07:51:57","slug":"basin-kiti","status":"publish","type":"page","link":"https:\/\/memsolar.com\/tr\/medya\/basin-kiti\/","title":{"rendered":"Bas\u0131n Kiti"},"content":{"rendered":"","protected":false},"excerpt":{"rendered":"","protected":false},"author":1,"featured_media":0,"parent":6516,"menu_order":0,"comment_status":"closed","ping_status":"closed","template":"","meta":{"om_disable_all_campaigns":false,"_monsterinsights_skip_tracking":false,"_monsterinsights_sitenote_active":false,"_monsterinsights_sitenote_note":"","_monsterinsights_sitenote_category":0,"_uf_show_specific_survey":0,"_uf_disable_surveys":false,"footnotes":""},"acf":[],"aioseo_notices":[],"yoast_head":"<!-- This site is optimized with the Yoast SEO plugin v20.7 - https:\/\/yoast.com\/wordpress\/plugins\/seo\/ -->\n<title>Bas\u0131n Kiti -<\/title>\n<meta name=\"robots\" content=\"index, follow, max-snippet:-1, max-image-preview:large, max-video-preview:-1\" \/>\n<link rel=\"canonical\" href=\"https:\/\/memsolar.com\/tr\/medya\/basin-kiti\/\" \/>\n<meta property=\"og:locale\" content=\"tr_TR\" \/>\n<meta property=\"og:type\" content=\"article\" \/>\n<meta property=\"og:title\" content=\"Bas\u0131n Kiti -\" \/>\n<meta property=\"og:url\" content=\"https:\/\/memsolar.com\/tr\/medya\/basin-kiti\/\" \/>\n<meta name=\"twitter:card\" content=\"summary_large_image\" \/>\n<script type=\"application\/ld+json\" class=\"yoast-schema-graph\">{\"@context\":\"https:\/\/schema.org\",\"@graph\":[{\"@type\":\"WebPage\",\"@id\":\"https:\/\/memsolar.com\/tr\/medya\/basin-kiti\/\",\"url\":\"https:\/\/memsolar.com\/tr\/medya\/basin-kiti\/\",\"name\":\"Bas\u0131n Kiti -\",\"isPartOf\":{\"@id\":\"https:\/\/memsolar.com\/tr\/#website\"},\"datePublished\":\"2023-10-23T07:51:57+00:00\",\"dateModified\":\"2023-10-23T07:51:57+00:00\",\"breadcrumb\":{\"@id\":\"https:\/\/memsolar.com\/tr\/medya\/basin-kiti\/#breadcrumb\"},\"inLanguage\":\"tr\",\"potentialAction\":[{\"@type\":\"ReadAction\",\"target\":[\"https:\/\/memsolar.com\/tr\/medya\/basin-kiti\/\"]}]},{\"@type\":\"BreadcrumbList\",\"@id\":\"https:\/\/memsolar.com\/tr\/medya\/basin-kiti\/#breadcrumb\",\"itemListElement\":[{\"@type\":\"ListItem\",\"position\":1,\"name\":\"Home\",\"item\":\"https:\/\/memsolar.com\/\"},{\"@type\":\"ListItem\",\"position\":2,\"name\":\"Medya\",\"item\":\"https:\/\/memsolar.com\/tr\/medya\/\"},{\"@type\":\"ListItem\",\"position\":3,\"name\":\"Bas\u0131n Kiti\"}]},{\"@type\":\"WebSite\",\"@id\":\"https:\/\/memsolar.com\/tr\/#website\",\"url\":\"https:\/\/memsolar.com\/tr\/\",\"name\":\"MEM SOLAR\",\"description\":\"Tier - 1 TOPCon G\u00fcne\u015f Paneli Fabrikas\u0131\",\"publisher\":{\"@id\":\"https:\/\/memsolar.com\/tr\/#organization\"},\"potentialAction\":[{\"@type\":\"SearchAction\",\"target\":{\"@type\":\"EntryPoint\",\"urlTemplate\":\"https:\/\/memsolar.com\/tr\/?s={search_term_string}\"},\"query-input\":\"required name=search_term_string\"}],\"inLanguage\":\"tr\"},{\"@type\":\"Organization\",\"@id\":\"https:\/\/memsolar.com\/tr\/#organization\",\"name\":\"MEM PANEL SOLAR\",\"url\":\"https:\/\/memsolar.com\/tr\/\",\"logo\":{\"@type\":\"ImageObject\",\"inLanguage\":\"tr\",\"@id\":\"https:\/\/memsolar.com\/tr\/#\/schema\/logo\/image\/\",\"url\":\"https:\/\/memsolar.com\/wp-content\/uploads\/2023\/10\/Mem-Solar-Logo-Horizontal-White-e1698843400643.png\",\"contentUrl\":\"https:\/\/memsolar.com\/wp-content\/uploads\/2023\/10\/Mem-Solar-Logo-Horizontal-White-e1698843400643.png\",\"width\":146,\"height\":54,\"caption\":\"MEM PANEL SOLAR\"},\"image\":{\"@id\":\"https:\/\/memsolar.com\/tr\/#\/schema\/logo\/image\/\"},\"sameAs\":[\"https:\/\/www.linkedin.com\/company\/mem-solar\",\"https:\/\/www.instagram.com\/mem.solar\/\"]}]}<\/script>\n<!-- \/ Yoast SEO plugin. -->","yoast_head_json":{"title":"Bas\u0131n Kiti -","robots":{"index":"index","follow":"follow","max-snippet":"max-snippet:-1","max-image-preview":"max-image-preview:large","max-video-preview":"max-video-preview:-1"},"canonical":"https:\/\/memsolar.com\/tr\/medya\/basin-kiti\/","og_locale":"tr_TR","og_type":"article","og_title":"Bas\u0131n Kiti -","og_url":"https:\/\/memsolar.com\/tr\/medya\/basin-kiti\/","twitter_card":"summary_large_image","schema":{"@context":"https:\/\/schema.org","@graph":[{"@type":"WebPage","@id":"https:\/\/memsolar.com\/tr\/medya\/basin-kiti\/","url":"https:\/\/memsolar.com\/tr\/medya\/basin-kiti\/","name":"Bas\u0131n Kiti -","isPartOf":{"@id":"https:\/\/memsolar.com\/tr\/#website"},"datePublished":"2023-10-23T07:51:57+00:00","dateModified":"2023-10-23T07:51:57+00:00","breadcrumb":{"@id":"https:\/\/memsolar.com\/tr\/medya\/basin-kiti\/#breadcrumb"},"inLanguage":"tr","potentialAction":[{"@type":"ReadAction","target":["https:\/\/memsolar.com\/tr\/medya\/basin-kiti\/"]}]},{"@type":"BreadcrumbList","@id":"https:\/\/memsolar.com\/tr\/medya\/basin-kiti\/#breadcrumb","itemListElement":[{"@type":"ListItem","position":1,"name":"Home","item":"https:\/\/memsolar.com\/"},{"@type":"ListItem","position":2,"name":"Medya","item":"https:\/\/memsolar.com\/tr\/medya\/"},{"@type":"ListItem","position":3,"name":"Bas\u0131n Kiti"}]},{"@type":"WebSite","@id":"https:\/\/memsolar.com\/tr\/#website","url":"https:\/\/memsolar.com\/tr\/","name":"MEM SOLAR","description":"Tier - 1 TOPCon G\u00fcne\u015f Paneli Fabrikas\u0131","publisher":{"@id":"https:\/\/memsolar.com\/tr\/#organization"},"potentialAction":[{"@type":"SearchAction","target":{"@type":"EntryPoint","urlTemplate":"https:\/\/memsolar.com\/tr\/?s={search_term_string}"},"query-input":"required name=search_term_string"}],"inLanguage":"tr"},{"@type":"Organization","@id":"https:\/\/memsolar.com\/tr\/#organization","name":"MEM PANEL SOLAR","url":"https:\/\/memsolar.com\/tr\/","logo":{"@type":"ImageObject","inLanguage":"tr","@id":"https:\/\/memsolar.com\/tr\/#\/schema\/logo\/image\/","url":"https:\/\/memsolar.com\/wp-content\/uploads\/2023\/10\/Mem-Solar-Logo-Horizontal-White-e1698843400643.png","contentUrl":"https:\/\/memsolar.com\/wp-content\/uploads\/2023\/10\/Mem-Solar-Logo-Horizontal-White-e1698843400643.png","width":146,"height":54,"caption":"MEM PANEL SOLAR"},"image":{"@id":"https:\/\/memsolar.com\/tr\/#\/schema\/logo\/image\/"},"sameAs":["https:\/\/www.linkedin.com\/company\/mem-solar","https:\/\/www.instagram.com\/mem.solar\/"]}]}},"_links":{"self":[{"href":"https:\/\/memsolar.com\/tr\/wp-json\/wp\/v2\/pages\/6522"}],"collection":[{"href":"https:\/\/memsolar.com\/tr\/wp-json\/wp\/v2\/pages"}],"about":[{"href":"https:\/\/memsolar.com\/tr\/wp-json\/wp\/v2\/types\/page"}],"author":[{"embeddable":true,"href":"https:\/\/memsolar.com\/tr\/wp-json\/wp\/v2\/users\/1"}],"replies":[{"embeddable":true,"href":"https:\/\/memsolar.com\/tr\/wp-json\/wp\/v2\/comments?post=6522"}],"version-history":[{"count":1,"href":"https:\/\/memsolar.com\/tr\/wp-json\/wp\/v2\/pages\/6522\/revisions"}],"predecessor-version":[{"id":6523,"href":"https:\/\/memsolar.com\/tr\/wp-json\/wp\/v2\/pages\/6522\/revisions\/6523"}],"up":[{"embeddable":true,"href":"https:\/\/memsolar.com\/tr\/wp-json\/wp\/v2\/pages\/6516"}],"wp:attachment":[{"href":"https:\/\/memsolar.com\/tr\/wp-json\/wp\/v2\/media?parent=6522"}],"curies":[{"name":"wp","href":"https:\/\/api.w.org\/{rel}","templated":true}]}}